{"id":15,"date":"2022-06-28T19:34:53","date_gmt":"2022-06-28T17:34:53","guid":{"rendered":"http:\/\/www.asper-re-fi.com\/?page_id=15"},"modified":"2022-09-19T17:48:33","modified_gmt":"2022-09-19T15:48:33","slug":"accueil","status":"publish","type":"page","link":"https:\/\/www.asper-re-fi.com\/","title":{"rendered":"Accueil"},"content":{"rendered":"<p>[et_pb_section fb_built=&#8221;1&#8243; admin_label=&#8221;section&#8221; _builder_version=&#8221;4.10.7&#8243; background_color=&#8221;#ffffff&#8221; background_enable_image=&#8221;off&#8221; custom_padding=&#8221;0px||0px|||&#8221; scroll_fade_enable=&#8221;on&#8221; motion_trigger_start=&#8221;top&#8221; global_colors_info=&#8221;{}&#8221;][et_pb_row _builder_version=&#8221;4.10.7&#8243; _module_preset=&#8221;default&#8221; background_color=&#8221;RGBA(0,0,0,0)&#8221; custom_margin=&#8221;-18px|auto||auto||&#8221; custom_padding=&#8221;||0px|||&#8221; sticky_limit_bottom=&#8221;body&#8221; global_colors_info=&#8221;{}&#8221;][et_pb_column type=&#8221;4_4&#8243; _builder_version=&#8221;4.10.7&#8243; _module_preset=&#8221;default&#8221; global_colors_info=&#8221;{}&#8221;][et_pb_image src=&#8221;http:\/\/www.asper-re-fi.com\/wp-content\/uploads\/2022\/06\/picto-asper-1.png&#8221; title_text=&#8221;picto asper (1)&#8221; align=&#8221;center&#8221; _builder_version=&#8221;4.10.7&#8243; _module_preset=&#8221;default&#8221; width=&#8221;32%&#8221; custom_margin=&#8221;-30px||-30px||true|false&#8221; custom_padding=&#8221;0px||0px||false|false&#8221; global_colors_info=&#8221;{}&#8221;][\/et_pb_image][\/et_pb_column][\/et_pb_row][\/et_pb_section][et_pb_section fb_built=&#8221;1&#8243; _builder_version=&#8221;4.10.7&#8243; _module_preset=&#8221;default&#8221; custom_padding=&#8221;29px||0px|||&#8221; global_colors_info=&#8221;{}&#8221;][et_pb_row column_structure=&#8221;1_3,1_3,1_3&#8243; _builder_version=&#8221;4.10.7&#8243; _module_preset=&#8221;default&#8221; custom_margin=&#8221;|auto|-8px|auto||&#8221; custom_padding=&#8221;2px||79px|||&#8221; global_colors_info=&#8221;{}&#8221;][et_pb_column type=&#8221;1_3&#8243; _builder_version=&#8221;4.10.7&#8243; _module_preset=&#8221;default&#8221; global_colors_info=&#8221;{}&#8221;][et_pb_text _builder_version=&#8221;4.10.7&#8243; _module_preset=&#8221;default&#8221; text_font=&#8221;||||||||&#8221; text_text_color=&#8221;#FFFFFF&#8221; text_font_size=&#8221;17px&#8221; background_color=&#8221;#eb6d20&#8243; text_orientation=&#8221;center&#8221; custom_margin=&#8221;0px||||false|false&#8221; custom_padding=&#8221;20px||20px||true|false&#8221; text_text_shadow_style=&#8221;preset1&#8243; border_radii=&#8221;on|5px|5px|5px|5px&#8221; box_shadow_style=&#8221;preset2&#8243; global_colors_info=&#8221;{}&#8221;]<\/p>\n<p style=\"text-align: center;\">CR\u00c9DIT BAIL (IMMOBILIER ET MOBILIER)<\/p>\n<p>[\/et_pb_text][\/et_pb_column][et_pb_column type=&#8221;1_3&#8243; _builder_version=&#8221;4.10.7&#8243; _module_preset=&#8221;default&#8221; global_colors_info=&#8221;{}&#8221;][et_pb_text _builder_version=&#8221;4.10.7&#8243; _module_preset=&#8221;default&#8221; text_font=&#8221;||||||||&#8221; text_text_color=&#8221;#FFFFFF&#8221; text_font_size=&#8221;17px&#8221; background_color=&#8221;#eb6d20&#8243; text_orientation=&#8221;center&#8221; custom_margin=&#8221;0px||||false|false&#8221; custom_padding=&#8221;20px||20px||true|false&#8221; text_text_shadow_style=&#8221;preset1&#8243; border_radii=&#8221;on|5px|5px|5px|5px&#8221; box_shadow_style=&#8221;preset2&#8243; global_colors_info=&#8221;{}&#8221;]<\/p>\n<p style=\"text-align: center;\">FINANCEMENT<\/p>\n<p>[\/et_pb_text][\/et_pb_column][et_pb_column type=&#8221;1_3&#8243; _builder_version=&#8221;4.10.7&#8243; _module_preset=&#8221;default&#8221; global_colors_info=&#8221;{}&#8221;][et_pb_text _builder_version=&#8221;4.10.7&#8243; _module_preset=&#8221;default&#8221; text_font=&#8221;||||||||&#8221; text_text_color=&#8221;#FFFFFF&#8221; text_font_size=&#8221;17px&#8221; background_color=&#8221;#eb6d20&#8243; text_orientation=&#8221;center&#8221; custom_margin=&#8221;-1px||||false|false&#8221; custom_padding=&#8221;20px||20px||true|false&#8221; text_text_shadow_style=&#8221;preset1&#8243; border_radii=&#8221;on|5px|5px|5px|5px&#8221; box_shadow_style=&#8221;preset2&#8243; global_colors_info=&#8221;{}&#8221;]<\/p>\n<p style=\"text-align: center;\">GESTION IMMOBILI\u00c8RE<\/p>\n<p>[\/et_pb_text][\/et_pb_column][\/et_pb_row][\/et_pb_section][et_pb_section fb_built=&#8221;1&#8243; _builder_version=&#8221;4.10.7&#8243; _module_preset=&#8221;default&#8221; background_color=&#8221;RGBA(0,0,0,0)&#8221; custom_margin=&#8221;-2px|||||&#8221; custom_padding=&#8221;1px||0px|||&#8221; global_colors_info=&#8221;{}&#8221;][et_pb_row _builder_version=&#8221;4.10.7&#8243; _module_preset=&#8221;default&#8221; custom_padding=&#8221;0px|||||&#8221; global_colors_info=&#8221;{}&#8221;][et_pb_column type=&#8221;4_4&#8243; _builder_version=&#8221;4.10.7&#8243; _module_preset=&#8221;default&#8221; global_colors_info=&#8221;{}&#8221;][et_pb_text _builder_version=&#8221;4.10.7&#8243; _module_preset=&#8221;default&#8221; text_font=&#8221;|||||on|||&#8221; text_text_color=&#8221;#FFFFFF&#8221; text_font_size=&#8221;46px&#8221; custom_margin=&#8221;34px|||||&#8221; text_text_shadow_style=&#8221;preset1&#8243; global_colors_info=&#8221;{}&#8221;]<\/p>\n<p>Nos interventions :\u00a0<\/p>\n<p>[\/et_pb_text][et_pb_slider _builder_version=&#8221;4.10.7&#8243; _module_preset=&#8221;default&#8221; background_color=&#8221;RGBA(0,0,0,0)&#8221; custom_margin=&#8221;||-15px|||&#8221; custom_padding=&#8221;8px||80px|||&#8221; hover_transition_duration=&#8221;200ms&#8221; hover_transition_delay=&#8221;50ms&#8221; global_colors_info=&#8221;{}&#8221;][et_pb_slide heading=&#8221;AUDIT &#8211; CONSEIL &#8221; _builder_version=&#8221;4.10.7&#8243; _module_preset=&#8221;default&#8221; global_colors_info=&#8221;{}&#8221; sticky_transition=&#8221;on&#8221;][\/et_pb_slide][et_pb_slide heading=&#8221;OUTSOURCING&#8221; _builder_version=&#8221;4.10.7&#8243; _module_preset=&#8221;default&#8221; global_colors_info=&#8221;{}&#8221; sticky_transition=&#8221;on&#8221;][\/et_pb_slide][et_pb_slide heading=&#8221;FORMATION &#8221; _builder_version=&#8221;4.10.7&#8243; _module_preset=&#8221;default&#8221; global_colors_info=&#8221;{}&#8221; sticky_transition=&#8221;on&#8221;][\/et_pb_slide][et_pb_slide heading=&#8221;ASSISTANCE &#8221; _builder_version=&#8221;4.10.7&#8243; _module_preset=&#8221;default&#8221; global_colors_info=&#8221;{}&#8221; sticky_transition=&#8221;on&#8221;][\/et_pb_slide][\/et_pb_slider][\/et_pb_column][\/et_pb_row][\/et_pb_section][et_pb_section fb_built=&#8221;1&#8243; _builder_version=&#8221;4.10.7&#8243; _module_preset=&#8221;default&#8221; custom_margin=&#8221;-30px|||||&#8221; global_colors_info=&#8221;{}&#8221;][et_pb_row _builder_version=&#8221;4.10.7&#8243; _module_preset=&#8221;default&#8221; global_colors_info=&#8221;{}&#8221;][et_pb_column type=&#8221;4_4&#8243; _builder_version=&#8221;4.10.7&#8243; _module_preset=&#8221;default&#8221; global_colors_info=&#8221;{}&#8221;][et_pb_text _builder_version=&#8221;4.10.7&#8243; _module_preset=&#8221;default&#8221; text_font_size=&#8221;37px&#8221; text_orientation=&#8221;center&#8221; global_colors_info=&#8221;{}&#8221;]<\/p>\n<p style=\"text-align: center;\"><span style=\"color: #eb6d20; font-size: x-large;\"><strong>Un nouvel acteur : ASPER Real Estate &amp; Financement<\/strong><\/span><\/p>\n<p>[\/et_pb_text][et_pb_text _builder_version=&#8221;4.10.7&#8243; _module_preset=&#8221;default&#8221; custom_margin=&#8221;9px|||||&#8221; global_colors_info=&#8221;{}&#8221;]<\/p>\n<p style=\"text-align: center;\"><span style=\"font-size: large;\">Les \u00e9volutions organisationnelles, r\u00e9glementaires, technologiques am\u00e8nent les acteurs \u00e9conomiques et singuli\u00e8rement ceux de l&#8217;immobilier et de la finance \u00e0 engager r\u00e9guli\u00e8rement des changements souvent strat\u00e9giques dans le choix de leurs outils ou leurs adaptations l&#8217;organisation&#8230;Confront\u00e9s aux exigences de la poursuite des activit\u00e9s et de la performance, il leur est difficile de mener seuls ces projets. Le recours \u00e0 des professionnels externes, reconnus, ind\u00e9pendants et partenaires devient alors la solution id\u00e9ale.<\/span><\/p>\n<p>[\/et_pb_text][\/et_pb_column][\/et_pb_row][\/et_pb_section][et_pb_section fb_built=&#8221;1&#8243; _builder_version=&#8221;4.10.7&#8243; _module_preset=&#8221;default&#8221; background_color=&#8221;RGBA(0,0,0,0)&#8221; custom_padding=&#8221;50px||28px|||&#8221; global_colors_info=&#8221;{}&#8221;][et_pb_row _builder_version=&#8221;4.10.7&#8243; _module_preset=&#8221;default&#8221; custom_margin=&#8221;|auto|29px|auto||&#8221; custom_padding=&#8221;2px||5px|||&#8221; global_colors_info=&#8221;{}&#8221;][et_pb_column type=&#8221;4_4&#8243; _builder_version=&#8221;4.10.7&#8243; _module_preset=&#8221;default&#8221; global_colors_info=&#8221;{}&#8221;][et_pb_slider use_bg_overlay=&#8221;off&#8221; use_text_overlay=&#8221;off&#8221; arrows_custom_color=&#8221;#eb6d20&#8243; dot_nav_custom_color=&#8221;#eb6d20&#8243; _builder_version=&#8221;4.10.7&#8243; _module_preset=&#8221;default&#8221; header_level=&#8221;h3&#8243; header_text_color=&#8221;#000000&#8243; header_font_size=&#8221;26px&#8221; body_text_color=&#8221;#000000&#8243; custom_button=&#8221;on&#8221; button_text_size=&#8221;13px&#8221; button_text_color=&#8221;#eb6d20&#8243; button_icon=&#8221;%%3%%&#8221; button_alignment=&#8221;right&#8221; text_orientation=&#8221;justified&#8221; width=&#8221;100%&#8221; custom_margin=&#8221;0px||||false|false&#8221; custom_padding=&#8221;32px||26px||false|false&#8221; hover_transition_duration=&#8221;200ms&#8221; hover_enabled=&#8221;0&#8243; box_shadow_style_image=&#8221;preset1&#8243; global_colors_info=&#8221;{}&#8221; sticky_enabled=&#8221;0&#8243;][et_pb_slide heading=&#8221;Sylvain BAR\u00c9&#8221; button_text=&#8221;Notre accompagnement &#8221; image=&#8221;http:\/\/www.asper-re-fi.com\/wp-content\/uploads\/2022\/07\/sylvain2-scaled.jpg&#8221; _builder_version=&#8221;4.10.7&#8243; _module_preset=&#8221;default&#8221; background_color=&#8221;#FFFFFF&#8221; background_enable_color=&#8221;on&#8221; global_colors_info=&#8221;{}&#8221; sticky_transition=&#8221;on&#8221;]<\/p>\n<p style=\"text-align: justify;\"><span>Pr\u00e9sident<\/span><span><\/span><\/p>\n<p style=\"text-align: justify;\"><span><\/span><span>Sylvain a plus de 20 ans d&#8217;exp\u00e9rience dans le domaine de l&#8217;immobilier. De formation ing\u00e9nieur, il d\u00e9bute sa carri\u00e8re en tant que responsable qualit\u00e9 de Bull en Belgique, avant de mener des missions de conseils en organisation chez Bekaert et de rejoindre Compaq France en tant que Directeur des Processus et des infrastructures. <\/span><span><\/span><span><\/span><\/p>\n<p style=\"text-align: justify;\"><span>Il sera ensuite Directeur G\u00e9n\u00e9ral du Groupe d&#8217;administrations de biens Bazin puis Directeur R\u00e9gional \u00cele-de-France de Sergic avant de rejoindre en 2006 l&#8217;\u00e9diteur de logiciels Cassiopae en tant que Directeur G\u00e9n\u00e9ral de Cassiopae Real Estate.<\/span><\/p>\n<p>[\/et_pb_slide][et_pb_slide heading=&#8221;Christophe ROGIER &#8221; button_text=&#8221;Notre accompagnement &#8221; image=&#8221;http:\/\/www.asper-re-fi.com\/wp-content\/uploads\/2022\/09\/PHOTO-PAPA-CHEMISE.png&#8221; _builder_version=&#8221;4.10.7&#8243; _module_preset=&#8221;default&#8221; body_text_color=&#8221;#000000&#8243; background_color=&#8221;#FFFFFF&#8221; background_enable_color=&#8221;on&#8221; hover_enabled=&#8221;0&#8243; global_colors_info=&#8221;{}&#8221; sticky_transition=&#8221;on&#8221; title_text=&#8221;PHOTO PAPA CHEMISE&#8221; sticky_enabled=&#8221;0&#8243;]<\/p>\n<p style=\"text-align: justify;\"><span>Directeur g\u00e9n\u00e9ral\u00a0<\/span><span><\/span><\/p>\n<p style=\"text-align: justify;\">Christophe poss\u00e8de<span>\u00a0<\/span>16 ans d\u2019exp\u00e9rience en Direction administrative et financi\u00e8re, contr\u00f4le de gestion, gestion pr\u00e9visionnelle, tr\u00e9sorerie, informatisation acquis dans les structures suivantes : SICOMI RHONE ALPES, HERBERTS-BICHON &#8211; groupe DUPONT de NEMOURS, BATICAL (groupe FORTIS-LEASE), FINANCIERE DUVAL.<\/p>\n<h3 style=\"text-align: justify;\"><span style=\"font-size: medium; color: #000000;\">4 ans d\u2019exp\u00e9rience en conduite de projets :<\/span><\/h3>\n<p style=\"text-align: justify;\">Il a ensuite men\u00e9 pendant 5 ans une activit\u00e9 ind\u00e9pendante en MOA, \u00e9tudes et mise en \u0153uvre, direction des recettes (activit\u00e9s Cr\u00e9dit-bail Immobilier, cr\u00e9dit, Gestion immobili\u00e8re et locative), notamment sur les projets de mise en \u0153uvre du progiciel CASSIOPAE pour : SOCIETE GENERALE, BNP IMMOBILIER, BANQUE POPULAIRE RIVES DE PARIS, AFFINE, BNP PARIBAS LEASING GROUP , DECATHLON, BATILEASE\/INTERCOOP. Christophe poss\u00e8de \u00e9galement 2 ans d\u2019exp\u00e9rience en cabinet d\u2019Audit (Cabinet Deloitte).<\/p>\n<p>[\/et_pb_slide][\/et_pb_slider][\/et_pb_column][\/et_pb_row][\/et_pb_section]<\/p>\n","protected":false},"excerpt":{"rendered":"<p>CR\u00c9DIT BAIL (IMMOBILIER ET MOBILIER)FINANCEMENTGESTION IMMOBILI\u00c8RENos interventions :\u00a0Un nouvel acteur : ASPER Real Estate &amp; FinancementLes \u00e9volutions organisationnelles, r\u00e9glementaires, technologiques am\u00e8nent les acteurs \u00e9conomiques et singuli\u00e8rement ceux de l&#8217;immobilier et de la finance \u00e0 engager r\u00e9guli\u00e8rement des changements souvent strat\u00e9giques dans le choix de leurs outils ou leurs adaptations l&#8217;organisation&#8230;Confront\u00e9s aux exigences de la poursuite [&hellip;]<\/p>\n","protected":false},"author":1,"featured_media":0,"parent":0,"menu_order":0,"comment_status":"closed","ping_status":"closed","template":"","meta":{"_et_pb_use_builder":"on","_et_pb_old_content":"","_et_gb_content_width":"","footnotes":""},"class_list":["post-15","page","type-page","status-publish","hentry"],"yoast_head":"<!-- This site is optimized with the Yoast SEO plugin v19.6.1 - https:\/\/yoast.com\/wordpress\/plugins\/seo\/ -->\n<title>Accueil - ASPER RE&amp;FI<\/title>\n<meta name=\"robots\" content=\"index, follow, max-snippet:-1, max-image-preview:large, max-video-preview:-1\" \/>\n<link rel=\"canonical\" href=\"https:\/\/www.asper-re-fi.com\/\" \/>\n<meta property=\"og:locale\" content=\"en_US\" \/>\n<meta property=\"og:type\" content=\"article\" \/>\n<meta property=\"og:title\" content=\"Accueil - ASPER RE&amp;FI\" \/>\n<meta property=\"og:description\" content=\"CR\u00c9DIT BAIL (IMMOBILIER ET MOBILIER)FINANCEMENTGESTION IMMOBILI\u00c8RENos interventions :\u00a0Un nouvel acteur : ASPER Real Estate &amp; FinancementLes \u00e9volutions organisationnelles, r\u00e9glementaires, technologiques am\u00e8nent les acteurs \u00e9conomiques et singuli\u00e8rement ceux de l&#039;immobilier et de la finance \u00e0 engager r\u00e9guli\u00e8rement des changements souvent strat\u00e9giques dans le choix de leurs outils ou leurs adaptations l&#039;organisation...Confront\u00e9s aux exigences de la poursuite [&hellip;]\" \/>\n<meta property=\"og:url\" content=\"https:\/\/www.asper-re-fi.com\/\" \/>\n<meta property=\"og:site_name\" content=\"ASPER RE&amp;FI\" \/>\n<meta property=\"article:modified_time\" content=\"2022-09-19T15:48:33+00:00\" \/>\n<meta name=\"twitter:card\" content=\"summary_large_image\" \/>\n<meta name=\"twitter:label1\" content=\"Est. reading time\" \/>\n\t<meta name=\"twitter:data1\" content=\"6 minutes\" \/>\n<script type=\"application\/ld+json\" class=\"yoast-schema-graph\">{\"@context\":\"https:\/\/schema.org\",\"@graph\":[{\"@type\":\"WebPage\",\"@id\":\"https:\/\/www.asper-re-fi.com\/\",\"url\":\"https:\/\/www.asper-re-fi.com\/\",\"name\":\"Accueil - ASPER RE&amp;FI\",\"isPartOf\":{\"@id\":\"https:\/\/www.asper-re-fi.com\/#website\"},\"datePublished\":\"2022-06-28T17:34:53+00:00\",\"dateModified\":\"2022-09-19T15:48:33+00:00\",\"breadcrumb\":{\"@id\":\"https:\/\/www.asper-re-fi.com\/#breadcrumb\"},\"inLanguage\":\"en-US\",\"potentialAction\":[{\"@type\":\"ReadAction\",\"target\":[\"https:\/\/www.asper-re-fi.com\/\"]}]},{\"@type\":\"BreadcrumbList\",\"@id\":\"https:\/\/www.asper-re-fi.com\/#breadcrumb\",\"itemListElement\":[{\"@type\":\"ListItem\",\"position\":1,\"name\":\"Accueil\",\"item\":\"https:\/\/www.asper-re-fi.com\/\"},{\"@type\":\"ListItem\",\"position\":2,\"name\":\"Accueil\"}]},{\"@type\":\"WebSite\",\"@id\":\"https:\/\/www.asper-re-fi.com\/#website\",\"url\":\"https:\/\/www.asper-re-fi.com\/\",\"name\":\"ASPER RE&amp;FI\",\"description\":\"Une entreprise \u00e0 vos c\u00f4t\u00e9s\",\"potentialAction\":[{\"@type\":\"SearchAction\",\"target\":{\"@type\":\"EntryPoint\",\"urlTemplate\":\"https:\/\/www.asper-re-fi.com\/?s={search_term_string}\"},\"query-input\":\"required name=search_term_string\"}],\"inLanguage\":\"en-US\"}]}<\/script>\n<!-- \/ Yoast SEO plugin. -->","yoast_head_json":{"title":"Accueil - ASPER RE&amp;FI","robots":{"index":"index","follow":"follow","max-snippet":"max-snippet:-1","max-image-preview":"max-image-preview:large","max-video-preview":"max-video-preview:-1"},"canonical":"https:\/\/www.asper-re-fi.com\/","og_locale":"en_US","og_type":"article","og_title":"Accueil - ASPER RE&amp;FI","og_description":"CR\u00c9DIT BAIL (IMMOBILIER ET MOBILIER)FINANCEMENTGESTION IMMOBILI\u00c8RENos interventions :\u00a0Un nouvel acteur : ASPER Real Estate &amp; FinancementLes \u00e9volutions organisationnelles, r\u00e9glementaires, technologiques am\u00e8nent les acteurs \u00e9conomiques et singuli\u00e8rement ceux de l'immobilier et de la finance \u00e0 engager r\u00e9guli\u00e8rement des changements souvent strat\u00e9giques dans le choix de leurs outils ou leurs adaptations l'organisation...Confront\u00e9s aux exigences de la poursuite [&hellip;]","og_url":"https:\/\/www.asper-re-fi.com\/","og_site_name":"ASPER RE&amp;FI","article_modified_time":"2022-09-19T15:48:33+00:00","twitter_card":"summary_large_image","twitter_misc":{"Est. reading time":"6 minutes"},"schema":{"@context":"https:\/\/schema.org","@graph":[{"@type":"WebPage","@id":"https:\/\/www.asper-re-fi.com\/","url":"https:\/\/www.asper-re-fi.com\/","name":"Accueil - ASPER RE&amp;FI","isPartOf":{"@id":"https:\/\/www.asper-re-fi.com\/#website"},"datePublished":"2022-06-28T17:34:53+00:00","dateModified":"2022-09-19T15:48:33+00:00","breadcrumb":{"@id":"https:\/\/www.asper-re-fi.com\/#breadcrumb"},"inLanguage":"en-US","potentialAction":[{"@type":"ReadAction","target":["https:\/\/www.asper-re-fi.com\/"]}]},{"@type":"BreadcrumbList","@id":"https:\/\/www.asper-re-fi.com\/#breadcrumb","itemListElement":[{"@type":"ListItem","position":1,"name":"Accueil","item":"https:\/\/www.asper-re-fi.com\/"},{"@type":"ListItem","position":2,"name":"Accueil"}]},{"@type":"WebSite","@id":"https:\/\/www.asper-re-fi.com\/#website","url":"https:\/\/www.asper-re-fi.com\/","name":"ASPER RE&amp;FI","description":"Une entreprise \u00e0 vos c\u00f4t\u00e9s","potentialAction":[{"@type":"SearchAction","target":{"@type":"EntryPoint","urlTemplate":"https:\/\/www.asper-re-fi.com\/?s={search_term_string}"},"query-input":"required name=search_term_string"}],"inLanguage":"en-US"}]}},"_links":{"self":[{"href":"https:\/\/www.asper-re-fi.com\/index.php\/wp-json\/wp\/v2\/pages\/15","targetHints":{"allow":["GET"]}}],"collection":[{"href":"https:\/\/www.asper-re-fi.com\/index.php\/wp-json\/wp\/v2\/pages"}],"about":[{"href":"https:\/\/www.asper-re-fi.com\/index.php\/wp-json\/wp\/v2\/types\/page"}],"author":[{"embeddable":true,"href":"https:\/\/www.asper-re-fi.com\/index.php\/wp-json\/wp\/v2\/users\/1"}],"replies":[{"embeddable":true,"href":"https:\/\/www.asper-re-fi.com\/index.php\/wp-json\/wp\/v2\/comments?post=15"}],"version-history":[{"count":25,"href":"https:\/\/www.asper-re-fi.com\/index.php\/wp-json\/wp\/v2\/pages\/15\/revisions"}],"predecessor-version":[{"id":218,"href":"https:\/\/www.asper-re-fi.com\/index.php\/wp-json\/wp\/v2\/pages\/15\/revisions\/218"}],"wp:attachment":[{"href":"https:\/\/www.asper-re-fi.com\/index.php\/wp-json\/wp\/v2\/media?parent=15"}],"curies":[{"name":"wp","href":"https:\/\/api.w.org\/{rel}","templated":true}]}}