{"id":157,"date":"2022-09-02T09:00:12","date_gmt":"2022-09-02T07:00:12","guid":{"rendered":"http:\/\/www.asper-re-fi.com\/?page_id=157"},"modified":"2022-09-19T16:28:34","modified_gmt":"2022-09-19T14:28:34","slug":"mentions-legales","status":"publish","type":"page","link":"https:\/\/www.asper-re-fi.com\/index.php\/mentions-legales\/","title":{"rendered":"MENTIONS LEGALES"},"content":{"rendered":"<p>[et_pb_section fb_built=&#8221;1&#8243; _builder_version=&#8221;4.10.7&#8243; _module_preset=&#8221;default&#8221; global_colors_info=&#8221;{}&#8221;][et_pb_row _builder_version=&#8221;4.10.7&#8243; _module_preset=&#8221;default&#8221; global_colors_info=&#8221;{}&#8221;][et_pb_column type=&#8221;4_4&#8243; _builder_version=&#8221;4.10.7&#8243; _module_preset=&#8221;default&#8221; global_colors_info=&#8221;{}&#8221;][et_pb_text _builder_version=&#8221;4.10.7&#8243; _module_preset=&#8221;default&#8221; global_colors_info=&#8221;{}&#8221;]<\/p>\n<p style=\"text-align: center;\"><strong><span style=\"font-size: x-large;\"><\/span><\/strong><\/p>\n<p style=\"text-align: center;\"><strong><span style=\"font-size: x-large;\">MENTIONS L\u00c9GALES<\/span><\/strong><\/p>\n<p>Le site www.asper-re-fi.com est propri\u00e9t\u00e9 de la soci\u00e9t\u00e9 :<\/p>\n<p>SAS ASPER RE &amp; FI<\/p>\n<p>Capital social : 20.500\u20ac<\/p>\n<p>Siret 789\u00a0745\u00a0619 00021<\/p>\n<p>Num\u00e9ro TVA Intracommunautaire : FR35 789745619<\/p>\n<p>12 avenue des Saules &#8211; BP61<\/p>\n<p>69600 OULLINS CEDEX \/ France<\/p>\n<p>contact@asper-re-fi.com<\/p>\n<p>Directeur de la publication et responsable de la r\u00e9daction : Sylvain BARE<\/p>\n<p>Le site www.asper-re-fi.com est \u00e9dit\u00e9 par Octo\u2019Com<\/p>\n<p>H\u00e9bergement :<\/p>\n<p>Le site www.asper-re-fi.com est h\u00e9berg\u00e9 par la soci\u00e9t\u00e9 OVH, SAS situ\u00e9e 2 rue Kellermann BP 80157, 59100 Roubaix<\/p>\n<p>T\u00e9l : 1007<\/p>\n<p><span style=\"font-size: large;\"><strong>CONDITIONS D\u2019UTILISATION DU SITE<\/strong><\/span><\/p>\n<p><strong style=\"font-size: 14px;\">1. Utilisation du contenu du Site<\/strong><\/p>\n<p>La soci\u00e9t\u00e9 ASPER RE&amp;FI s\u2019efforce de mettre \u00e0 jour le contenu du site www.asper-re-fi.com (ci-apr\u00e8s \u00ab le Site \u00bb) et de d\u00e9livrer aux Utilisateurs des informations exactes.<\/p>\n<p>N\u00e9anmoins, l\u2019Utilisateur reconna\u00eet que les transmissions de donn\u00e9es et d\u2019informations sur Internet ne b\u00e9n\u00e9ficient pas d\u2019une fiabilit\u00e9 technique absolue. Par cons\u00e9quent, ASPER RE&amp;FI ne peut garantir l\u2019exactitude des donn\u00e9es figurant sur le Site. Toute erreur ou omission devra \u00eatre notifi\u00e9e \u00e0 l&#8217;adresse e-mail suivante : contact@asper-re-fi.com<\/p>\n<p>Malgr\u00e9 tous les efforts mis en \u0153uvre pour mettre \u00e0 jour r\u00e9guli\u00e8rement les informations contenues sur le site, ASPER RE&amp;FI n&#8217;est pas responsable des modifications des dispositions juridiques, jurisprudentielles et administratives pouvant survenir post\u00e9rieurement \u00e0 la publication et \u00e0 la mise \u00e0 jour du site.<\/p>\n<p><strong><span style=\"font-size: 14px;\">2. Acc\u00e8s au Site<\/span><\/strong><\/p>\n<p>La soci\u00e9t\u00e9 ASPER RE&amp;FI s&#8217;efforce de maintenir accessible le Site, sans pour autant \u00eatre tenue \u00e0 aucune obligation d&#8217;y parvenir. Il est pr\u00e9cis\u00e9 qu\u2019\u00e0 des fins de maintenance, de mise \u00e0 jour, et pour toute autre raison notamment d\u2019ordre technique, l&#8217;acc\u00e8s au Site pourra \u00eatre interrompu. La soci\u00e9t\u00e9 ASPER RE&amp;FI n&#8217;est en aucun cas responsable de ces interruptions et des cons\u00e9quences qui peuvent en d\u00e9couler pour l\u2019Utilisateur. Aucune indemnit\u00e9 ne peut \u00eatre octroy\u00e9e \u00e0 l\u2019Utilisateur au titre d&#8217;une indisponibilit\u00e9 du Site.<\/p>\n<p>De plus, ASPER RE&amp;FI n&#8217;est pas responsable des \u00e9ventuelles erreurs ou pannes inh\u00e9rentes au syst\u00e8me d&#8217;information. Particuli\u00e8rement, ASPER RE&amp;FI ne pourrait pas \u00eatre tenue responsable des d\u00e9lais de transmission, de la fiabilit\u00e9 des transmissions de donn\u00e9es, des temps d&#8217;acc\u00e8s ou \u00e9ventuellement des restrictions d&#8217;acc\u00e8s sur des r\u00e9seaux et\/ou serveurs sp\u00e9cifiques connect\u00e9s au r\u00e9seau Internet.<\/p>\n<p><strong style=\"font-size: 14px;\">3. Liens hypertextes<\/strong><\/p>\n<p>La cr\u00e9ation de liens hypertextes redirigeant vers le Site ne peut \u00eatre faite qu&#8217;avec l&#8217;autorisation \u00e9crite et pr\u00e9alable de la soci\u00e9t\u00e9 ASPER RE&amp;FI.<\/p>\n<p>La soci\u00e9t\u00e9 ASPER RE&amp;FI d\u00e9cline toute responsabilit\u00e9 concernant le contenu, la publicit\u00e9, les produits ou les services disponibles sur ou \u00e0 partir des sites redirigeant vers le Site.<\/p>\n<p>Les liens hypertextes mis en place sur le Site peuvent conduire l\u2019Utilisateur sur les sites Internet de diff\u00e9rents partenaires. Il est pr\u00e9cis\u00e9 que la soci\u00e9t\u00e9 ASPER RE&amp;FI n&#8217;a pas v\u00e9rifi\u00e9 tous les sites \u00e9ventuellement reli\u00e9s au sien, leur contenu et les informations qui y sont pr\u00e9sentes, et d\u00e9cline par cons\u00e9quent toute responsabilit\u00e9 sur le contenu de ces sites et sur l&#8217;utilisation qui en est faite par l\u2019Utilisateur. L\u2019utilisation de ces sites par l\u2019Utilisateur rel\u00e8ve de la seule responsabilit\u00e9 de ce dernier.<\/p>\n<p><strong style=\"font-size: 14px;\">4. Droit d\u2019auteur et propri\u00e9t\u00e9 intellectuelle<\/strong><\/p>\n<p>Le Site de la soci\u00e9t\u00e9 ASPER RE&amp;FI est une \u0153uvre de l&#8217;esprit prot\u00e9g\u00e9e par le droit d\u2019auteur.<\/p>\n<p>Le Site et chacun des \u00e9l\u00e9ments qui le composent (tels que, notamment, marques, logos, photographies, images, illustrations, textes, vid\u00e9os&#8230; et plus g\u00e9n\u00e9ralement les contenus) sont susceptibles d\u2019\u00eatre prot\u00e9g\u00e9s par des droits de propri\u00e9t\u00e9 intellectuelle et sont, \u00e0 ce titre, la propri\u00e9t\u00e9 exclusive de ASPER RE&amp;FI, seule habilit\u00e9e \u00e0 utiliser les droits de la propri\u00e9t\u00e9 intellectuelle et droits de la personnalit\u00e9 y aff\u00e9rent, celle-ci ne conc\u00e9dant aucune licence, ni aucun autre droit que celui de consulter le site. La reproduction de tous documents publi\u00e9s sur le Site est seulement autoris\u00e9e aux fins exclusives d&#8217;information pour un usage strictement personnel et priv\u00e9. Toute reproduction et\/ou repr\u00e9sentation, int\u00e9grale ou partielle, du Site, ou de l&#8217;un quelconque des \u00e9l\u00e9ments qui le composent, sur quelque support que ce soit, \u00e0 d&#8217;autres fins, et notamment commerciales, est express\u00e9ment interdite. A l\u2019exception des circonstances ci-dessus vis\u00e9es, toute autre reproduction et\/ou repr\u00e9sentation du Site devra faire l\u2019objet d\u2019une autorisation expresse et pr\u00e9alable de la soci\u00e9t\u00e9 ASPER RE&amp;FI.<\/p>\n<p>En outre, l&#8217;ensemble des marques utilis\u00e9es sur le Site sont des marques d\u00e9pos\u00e9es et donc prot\u00e9g\u00e9es. Toute utilisation de l&#8217;une quelconque des dites marques ne peut \u00eatre faite sans le consentement pr\u00e9alable, expr\u00e8s et \u00e9crit de la soci\u00e9t\u00e9 ASPER RE&amp;FI, sous peine de contrefa\u00e7on.<\/p>\n<p><strong><span style=\"font-size: 14px;\">5. Territorialit\u00e9<\/span><\/strong><\/p>\n<p>L\u2019Utilisateur reconna\u00eet que l&#8217;utilisation du site est r\u00e9gie par la loi fran\u00e7aise et rel\u00e8ve de la comp\u00e9tence des juges fran\u00e7ais.<\/p>\n<p>Toute utilisation du Site non conforme \u00e0 son esprit original et toute violation des pr\u00e9sentes stipulations pourront engager la responsabilit\u00e9 de l\u2019Utilisateur et donner lieu, le cas \u00e9ch\u00e9ant, \u00e0 l\u2019application des sanctions p\u00e9nales et civiles pr\u00e9vues par la loi.<\/p>\n<p>&nbsp;<\/p>\n<p>[\/et_pb_text][\/et_pb_column][\/et_pb_row][\/et_pb_section]<\/p>\n","protected":false},"excerpt":{"rendered":"<p>MENTIONS L\u00c9GALES Le site www.asper-re-fi.com est propri\u00e9t\u00e9 de la soci\u00e9t\u00e9 : SAS ASPER RE &amp; FI Capital social : 20.500\u20ac Siret 789\u00a0745\u00a0619 00021 Num\u00e9ro TVA Intracommunautaire : FR35 789745619 12 avenue des Saules &#8211; BP61 69600 OULLINS CEDEX \/ France contact@asper-re-fi.com Directeur de la publication et responsable de la r\u00e9daction : Sylvain BARE Le site [&hellip;]<\/p>\n","protected":false},"author":1,"featured_media":0,"parent":0,"menu_order":0,"comment_status":"closed","ping_status":"closed","template":"","meta":{"_et_pb_use_builder":"on","_et_pb_old_content":"","_et_gb_content_width":"","footnotes":""},"class_list":["post-157","page","type-page","status-publish","hentry"],"yoast_head":"<!-- This site is optimized with the Yoast SEO plugin v19.6.1 - https:\/\/yoast.com\/wordpress\/plugins\/seo\/ -->\n<title>MENTIONS LEGALES - ASPER RE&amp;FI<\/title>\n<meta name=\"robots\" content=\"index, follow, max-snippet:-1, max-image-preview:large, max-video-preview:-1\" \/>\n<link rel=\"canonical\" href=\"https:\/\/www.asper-re-fi.com\/index.php\/mentions-legales\/\" \/>\n<meta property=\"og:locale\" content=\"en_US\" \/>\n<meta property=\"og:type\" content=\"article\" \/>\n<meta property=\"og:title\" content=\"MENTIONS LEGALES - ASPER RE&amp;FI\" \/>\n<meta property=\"og:description\" content=\"MENTIONS L\u00c9GALES Le site www.asper-re-fi.com est propri\u00e9t\u00e9 de la soci\u00e9t\u00e9 : SAS ASPER RE &amp; FI Capital social : 20.500\u20ac Siret 789\u00a0745\u00a0619 00021 Num\u00e9ro TVA Intracommunautaire : FR35 789745619 12 avenue des Saules - BP61 69600 OULLINS CEDEX \/ France contact@asper-re-fi.com Directeur de la publication et responsable de la r\u00e9daction : Sylvain BARE Le site [&hellip;]\" \/>\n<meta property=\"og:url\" content=\"https:\/\/www.asper-re-fi.com\/index.php\/mentions-legales\/\" \/>\n<meta property=\"og:site_name\" content=\"ASPER RE&amp;FI\" \/>\n<meta property=\"article:modified_time\" content=\"2022-09-19T14:28:34+00:00\" \/>\n<meta name=\"twitter:card\" content=\"summary_large_image\" \/>\n<meta name=\"twitter:label1\" content=\"Est. reading time\" \/>\n\t<meta name=\"twitter:data1\" content=\"5 minutes\" \/>\n<script type=\"application\/ld+json\" class=\"yoast-schema-graph\">{\"@context\":\"https:\/\/schema.org\",\"@graph\":[{\"@type\":\"WebPage\",\"@id\":\"https:\/\/www.asper-re-fi.com\/index.php\/mentions-legales\/\",\"url\":\"https:\/\/www.asper-re-fi.com\/index.php\/mentions-legales\/\",\"name\":\"MENTIONS LEGALES - ASPER RE&amp;FI\",\"isPartOf\":{\"@id\":\"https:\/\/www.asper-re-fi.com\/#website\"},\"datePublished\":\"2022-09-02T07:00:12+00:00\",\"dateModified\":\"2022-09-19T14:28:34+00:00\",\"breadcrumb\":{\"@id\":\"https:\/\/www.asper-re-fi.com\/index.php\/mentions-legales\/#breadcrumb\"},\"inLanguage\":\"en-US\",\"potentialAction\":[{\"@type\":\"ReadAction\",\"target\":[\"https:\/\/www.asper-re-fi.com\/index.php\/mentions-legales\/\"]}]},{\"@type\":\"BreadcrumbList\",\"@id\":\"https:\/\/www.asper-re-fi.com\/index.php\/mentions-legales\/#breadcrumb\",\"itemListElement\":[{\"@type\":\"ListItem\",\"position\":1,\"name\":\"Accueil\",\"item\":\"https:\/\/www.asper-re-fi.com\/\"},{\"@type\":\"ListItem\",\"position\":2,\"name\":\"MENTIONS LEGALES\"}]},{\"@type\":\"WebSite\",\"@id\":\"https:\/\/www.asper-re-fi.com\/#website\",\"url\":\"https:\/\/www.asper-re-fi.com\/\",\"name\":\"ASPER RE&amp;FI\",\"description\":\"Une entreprise \u00e0 vos c\u00f4t\u00e9s\",\"potentialAction\":[{\"@type\":\"SearchAction\",\"target\":{\"@type\":\"EntryPoint\",\"urlTemplate\":\"https:\/\/www.asper-re-fi.com\/?s={search_term_string}\"},\"query-input\":\"required name=search_term_string\"}],\"inLanguage\":\"en-US\"}]}<\/script>\n<!-- \/ Yoast SEO plugin. -->","yoast_head_json":{"title":"MENTIONS LEGALES - ASPER RE&amp;FI","robots":{"index":"index","follow":"follow","max-snippet":"max-snippet:-1","max-image-preview":"max-image-preview:large","max-video-preview":"max-video-preview:-1"},"canonical":"https:\/\/www.asper-re-fi.com\/index.php\/mentions-legales\/","og_locale":"en_US","og_type":"article","og_title":"MENTIONS LEGALES - ASPER RE&amp;FI","og_description":"MENTIONS L\u00c9GALES Le site www.asper-re-fi.com est propri\u00e9t\u00e9 de la soci\u00e9t\u00e9 : SAS ASPER RE &amp; FI Capital social : 20.500\u20ac Siret 789\u00a0745\u00a0619 00021 Num\u00e9ro TVA Intracommunautaire : FR35 789745619 12 avenue des Saules - BP61 69600 OULLINS CEDEX \/ France contact@asper-re-fi.com Directeur de la publication et responsable de la r\u00e9daction : Sylvain BARE Le site [&hellip;]","og_url":"https:\/\/www.asper-re-fi.com\/index.php\/mentions-legales\/","og_site_name":"ASPER RE&amp;FI","article_modified_time":"2022-09-19T14:28:34+00:00","twitter_card":"summary_large_image","twitter_misc":{"Est. reading time":"5 minutes"},"schema":{"@context":"https:\/\/schema.org","@graph":[{"@type":"WebPage","@id":"https:\/\/www.asper-re-fi.com\/index.php\/mentions-legales\/","url":"https:\/\/www.asper-re-fi.com\/index.php\/mentions-legales\/","name":"MENTIONS LEGALES - ASPER RE&amp;FI","isPartOf":{"@id":"https:\/\/www.asper-re-fi.com\/#website"},"datePublished":"2022-09-02T07:00:12+00:00","dateModified":"2022-09-19T14:28:34+00:00","breadcrumb":{"@id":"https:\/\/www.asper-re-fi.com\/index.php\/mentions-legales\/#breadcrumb"},"inLanguage":"en-US","potentialAction":[{"@type":"ReadAction","target":["https:\/\/www.asper-re-fi.com\/index.php\/mentions-legales\/"]}]},{"@type":"BreadcrumbList","@id":"https:\/\/www.asper-re-fi.com\/index.php\/mentions-legales\/#breadcrumb","itemListElement":[{"@type":"ListItem","position":1,"name":"Accueil","item":"https:\/\/www.asper-re-fi.com\/"},{"@type":"ListItem","position":2,"name":"MENTIONS LEGALES"}]},{"@type":"WebSite","@id":"https:\/\/www.asper-re-fi.com\/#website","url":"https:\/\/www.asper-re-fi.com\/","name":"ASPER RE&amp;FI","description":"Une entreprise \u00e0 vos c\u00f4t\u00e9s","potentialAction":[{"@type":"SearchAction","target":{"@type":"EntryPoint","urlTemplate":"https:\/\/www.asper-re-fi.com\/?s={search_term_string}"},"query-input":"required name=search_term_string"}],"inLanguage":"en-US"}]}},"_links":{"self":[{"href":"https:\/\/www.asper-re-fi.com\/index.php\/wp-json\/wp\/v2\/pages\/157","targetHints":{"allow":["GET"]}}],"collection":[{"href":"https:\/\/www.asper-re-fi.com\/index.php\/wp-json\/wp\/v2\/pages"}],"about":[{"href":"https:\/\/www.asper-re-fi.com\/index.php\/wp-json\/wp\/v2\/types\/page"}],"author":[{"embeddable":true,"href":"https:\/\/www.asper-re-fi.com\/index.php\/wp-json\/wp\/v2\/users\/1"}],"replies":[{"embeddable":true,"href":"https:\/\/www.asper-re-fi.com\/index.php\/wp-json\/wp\/v2\/comments?post=157"}],"version-history":[{"count":6,"href":"https:\/\/www.asper-re-fi.com\/index.php\/wp-json\/wp\/v2\/pages\/157\/revisions"}],"predecessor-version":[{"id":167,"href":"https:\/\/www.asper-re-fi.com\/index.php\/wp-json\/wp\/v2\/pages\/157\/revisions\/167"}],"wp:attachment":[{"href":"https:\/\/www.asper-re-fi.com\/index.php\/wp-json\/wp\/v2\/media?parent=157"}],"curies":[{"name":"wp","href":"https:\/\/api.w.org\/{rel}","templated":true}]}}