{"id":49,"date":"2022-07-07T11:31:11","date_gmt":"2022-07-07T09:31:11","guid":{"rendered":"http:\/\/www.asper-re-fi.com\/?page_id=49"},"modified":"2022-07-20T17:06:57","modified_gmt":"2022-07-20T15:06:57","slug":"notre-accompagnement","status":"publish","type":"page","link":"https:\/\/www.asper-re-fi.com\/index.php\/notre-accompagnement\/","title":{"rendered":"Notre accompagnement"},"content":{"rendered":"<p>[et_pb_section fb_built=&#8221;1&#8243; _builder_version=&#8221;4.10.7&#8243; _module_preset=&#8221;default&#8221; background_color=&#8221;RGBA(0,0,0,0)&#8221; global_colors_info=&#8221;{}&#8221;][et_pb_row _builder_version=&#8221;4.10.7&#8243; _module_preset=&#8221;default&#8221; global_colors_info=&#8221;{}&#8221;][et_pb_column type=&#8221;4_4&#8243; _builder_version=&#8221;4.10.7&#8243; _module_preset=&#8221;default&#8221; global_colors_info=&#8221;{}&#8221;][et_pb_text _builder_version=&#8221;4.10.7&#8243; _module_preset=&#8221;default&#8221; text_font=&#8221;|||||on|||&#8221; text_text_color=&#8221;#FFFFFF&#8221; text_font_size=&#8221;40px&#8221; hover_enabled=&#8221;0&#8243; global_colors_info=&#8221;{}&#8221; sticky_enabled=&#8221;0&#8243;]<\/p>\n<p>Notre accompagnement\u00a0<\/p>\n<p>[\/et_pb_text][\/et_pb_column][\/et_pb_row][\/et_pb_section][et_pb_section fb_built=&#8221;1&#8243; _builder_version=&#8221;4.10.7&#8243; _module_preset=&#8221;default&#8221; custom_padding=&#8221;0px||8px|||&#8221; global_colors_info=&#8221;{}&#8221;][et_pb_row _builder_version=&#8221;4.10.7&#8243; _module_preset=&#8221;default&#8221; global_colors_info=&#8221;{}&#8221;][et_pb_column type=&#8221;4_4&#8243; _builder_version=&#8221;4.10.7&#8243; _module_preset=&#8221;default&#8221; global_colors_info=&#8221;{}&#8221;][et_pb_text _builder_version=&#8221;4.10.7&#8243; _module_preset=&#8221;default&#8221; custom_padding=&#8221;0px|||||&#8221; hover_enabled=&#8221;0&#8243; global_colors_info=&#8221;{}&#8221; sticky_enabled=&#8221;0&#8243;]<\/p>\n<p style=\"text-align: justify;\"><strong>En tant que partenaire de nos clients, notre accompagnement se d\u00e9cline de la mani\u00e8re suivante\u00a0:<\/strong><\/p>\n<ul style=\"text-align: justify;\">\n<li>Aide manag\u00e9riale ponctuelle ou prolong\u00e9e<\/li>\n<li>Pilotage de vos projets d\u2019organisation ou de changement de syst\u00e8mes d\u2019information depuis la r\u00e9flexion strat\u00e9gique initiale jusqu\u2019\u00e0 la conduite du changement.<\/li>\n<\/ul>\n<p><strong>Sur les aspects syst\u00e8mes d\u2019information, cela couvre les axes suivants\u00a0:<\/strong><\/p>\n<ol style=\"text-align: justify;\">\n<li>Aide aux choix d\u2019un syst\u00e8me d\u2019information via le pilotage de l\u2019appel d\u2019offres<\/li>\n<li>Accompagnement du projet de mise en \u0153uvre du syst\u00e8me d\u2019information choisi<\/li>\n<\/ol>\n<ul style=\"text-align: justify;\">\n<li>Conduite du changement<\/li>\n<li>Aide \u00e0 l\u2019externalisation ou \u00e0 l\u2019internalisation d\u2019activit\u00e9 (par exemple\u00a0: Gestion locative)<\/li>\n<li>Mise en place des outils de gestion et de pilotage de vos actifs ainsi que du d\u00e9veloppement d\u2019outils g\u00e9n\u00e9rant une r\u00e9elle valeur ajout\u00e9e \u00e0 vos clients comme des reportings adapt\u00e9s<\/li>\n<li>Mise en place de process et de m\u00e9thodes pour gagner en efficience afin de gagner en performance organisationnelle<\/li>\n<li>Optimisation du budget allou\u00e9 au poste immobilier de votre entreprise<\/li>\n<li>Assistance au quotidien de vos \u00e9quipes de gestion \u00e0 la fois au niveau m\u00e9tier et au niveau des diff\u00e9rents syst\u00e8mes d\u2019information<\/li>\n<li>\u00c9tudes et renforts des \u00e9quipes des S2I<\/li>\n<li>Formation sur-mesure ou coaching de vos \u00e9quipes afin de proposer \u00e0 vos collaborateurs de b\u00e9n\u00e9ficier de formations actualis\u00e9es et adapt\u00e9es \u00e0 leur m\u00e9tier<\/li>\n<\/ul>\n<ul style=\"text-align: justify;\"><\/ul>\n<p style=\"text-align: justify;\">[\/et_pb_text][\/et_pb_column][\/et_pb_row][\/et_pb_section][et_pb_section fb_built=&#8221;1&#8243; _builder_version=&#8221;4.10.7&#8243; _module_preset=&#8221;default&#8221; background_color=&#8221;RGBA(0,0,0,0)&#8221; hover_enabled=&#8221;0&#8243; sticky_enabled=&#8221;0&#8243;][et_pb_row _builder_version=&#8221;4.10.7&#8243; _module_preset=&#8221;default&#8221;][et_pb_column _builder_version=&#8221;4.10.7&#8243; _module_preset=&#8221;default&#8221; type=&#8221;4_4&#8243;][et_pb_text _builder_version=&#8221;4.10.7&#8243; _module_preset=&#8221;default&#8221; text_font_size=&#8221;35px&#8221; text_orientation=&#8221;center&#8221; hover_enabled=&#8221;0&#8243; global_colors_info=&#8221;{}&#8221; text_text_color=&#8221;#FFFFFF&#8221; text_font=&#8221;|||||on|||&#8221; sticky_enabled=&#8221;0&#8243;]<\/p>\n<p style=\"text-align: center;\">Notre accompagnement porte sur les axes suivants :<\/p>\n<p>[\/et_pb_text][\/et_pb_column][\/et_pb_row][\/et_pb_section][et_pb_section fb_built=&#8221;1&#8243; _builder_version=&#8221;4.10.7&#8243; _module_preset=&#8221;default&#8221; custom_padding=&#8221;29px||2px|||&#8221; hover_enabled=&#8221;0&#8243; global_colors_info=&#8221;{}&#8221; background_color=&#8221;RGBA(0,0,0,0)&#8221; sticky_enabled=&#8221;0&#8243;][et_pb_row column_structure=&#8221;1_3,1_3,1_3&#8243; _builder_version=&#8221;4.10.7&#8243; _module_preset=&#8221;default&#8221; custom_margin=&#8221;|auto|-8px|auto||&#8221; custom_padding=&#8221;2px|||||&#8221; global_colors_info=&#8221;{}&#8221;][et_pb_column type=&#8221;1_3&#8243; _builder_version=&#8221;4.10.7&#8243; _module_preset=&#8221;default&#8221; global_colors_info=&#8221;{}&#8221;][et_pb_text _builder_version=&#8221;4.10.7&#8243; _module_preset=&#8221;default&#8221; text_font=&#8221;||||||||&#8221; text_text_color=&#8221;#FFFFFF&#8221; text_font_size=&#8221;17px&#8221; background_color=&#8221;#eb6d20&#8243; text_orientation=&#8221;center&#8221; custom_margin=&#8221;0px||||false|false&#8221; custom_padding=&#8221;20px||20px||true|false&#8221; text_text_shadow_style=&#8221;preset1&#8243; border_radii=&#8221;on|5px|5px|5px|5px&#8221; box_shadow_style=&#8221;preset2&#8243; global_colors_info=&#8221;{}&#8221;]<\/p>\n<p>STRAT\u00c9GIE M\u00c9TIERS<br \/>ET DES SYST\u00c8MES D\u2019INFORMATION<\/p>\n<p>[\/et_pb_text][\/et_pb_column][et_pb_column type=&#8221;1_3&#8243; _builder_version=&#8221;4.10.7&#8243; _module_preset=&#8221;default&#8221; global_colors_info=&#8221;{}&#8221;][\/et_pb_column][et_pb_column type=&#8221;1_3&#8243; _builder_version=&#8221;4.10.7&#8243; _module_preset=&#8221;default&#8221; global_colors_info=&#8221;{}&#8221;][\/et_pb_column][\/et_pb_row][et_pb_row column_structure=&#8221;1_3,1_3,1_3&#8243; _builder_version=&#8221;4.10.7&#8243; _module_preset=&#8221;default&#8221; custom_padding=&#8221;5px|||||&#8221; global_colors_info=&#8221;{}&#8221;][et_pb_column type=&#8221;1_3&#8243; _builder_version=&#8221;4.10.7&#8243; _module_preset=&#8221;default&#8221; global_colors_info=&#8221;{}&#8221;][\/et_pb_column][et_pb_column type=&#8221;1_3&#8243; _builder_version=&#8221;4.10.7&#8243; _module_preset=&#8221;default&#8221; global_colors_info=&#8221;{}&#8221;][et_pb_text _builder_version=&#8221;4.10.7&#8243; _module_preset=&#8221;default&#8221; text_font=&#8221;||||||||&#8221; text_text_color=&#8221;#FFFFFF&#8221; text_font_size=&#8221;17px&#8221; background_color=&#8221;#eb6d20&#8243; text_orientation=&#8221;center&#8221; custom_margin=&#8221;0px||||false|false&#8221; custom_padding=&#8221;20px||20px||true|false&#8221; text_text_shadow_style=&#8221;preset1&#8243; border_radii=&#8221;on|5px|5px|5px|5px&#8221; box_shadow_style=&#8221;preset2&#8243; global_colors_info=&#8221;{}&#8221;]<\/p>\n<p>ORGANISATION<br \/>ET STRUCTURATION DES \u00c9QUIPES<\/p>\n<p>[\/et_pb_text][\/et_pb_column][et_pb_column type=&#8221;1_3&#8243; _builder_version=&#8221;4.10.7&#8243; _module_preset=&#8221;default&#8221; global_colors_info=&#8221;{}&#8221;][\/et_pb_column][\/et_pb_row][et_pb_row column_structure=&#8221;1_3,1_3,1_3&#8243; _builder_version=&#8221;4.10.7&#8243; _module_preset=&#8221;default&#8221; custom_padding=&#8221;0px|||||&#8221; global_colors_info=&#8221;{}&#8221;][et_pb_column type=&#8221;1_3&#8243; _builder_version=&#8221;4.10.7&#8243; _module_preset=&#8221;default&#8221; global_colors_info=&#8221;{}&#8221;][\/et_pb_column][et_pb_column type=&#8221;1_3&#8243; _builder_version=&#8221;4.10.7&#8243; _module_preset=&#8221;default&#8221; global_colors_info=&#8221;{}&#8221;][\/et_pb_column][et_pb_column type=&#8221;1_3&#8243; _builder_version=&#8221;4.10.7&#8243; _module_preset=&#8221;default&#8221; global_colors_info=&#8221;{}&#8221;][et_pb_text _builder_version=&#8221;4.10.7&#8243; _module_preset=&#8221;default&#8221; text_font=&#8221;||||||||&#8221; text_text_color=&#8221;#FFFFFF&#8221; text_font_size=&#8221;17px&#8221; background_color=&#8221;#eb6d20&#8243; text_orientation=&#8221;center&#8221; custom_margin=&#8221;-17px||||false|false&#8221; custom_padding=&#8221;20px||20px||true|false&#8221; text_text_shadow_style=&#8221;preset1&#8243; border_radii=&#8221;on|5px|5px|5px|5px&#8221; box_shadow_style=&#8221;preset2&#8243; global_colors_info=&#8221;{}&#8221;]<\/p>\n<p>ASSISTANCE<br \/>FORMATIONS AUX M\u00c9TIERS<\/p>\n<p>[\/et_pb_text][\/et_pb_column][\/et_pb_row][\/et_pb_section]<\/p>\n","protected":false},"excerpt":{"rendered":"<p>Notre accompagnement\u00a0En tant que partenaire de nos clients, notre accompagnement se d\u00e9cline de la mani\u00e8re suivante\u00a0: Aide manag\u00e9riale ponctuelle ou prolong\u00e9e Pilotage de vos projets d\u2019organisation ou de changement de syst\u00e8mes d\u2019information depuis la r\u00e9flexion strat\u00e9gique initiale jusqu\u2019\u00e0 la conduite du changement. Sur les aspects syst\u00e8mes d\u2019information, cela couvre les axes suivants\u00a0: Aide aux choix [&hellip;]<\/p>\n","protected":false},"author":1,"featured_media":0,"parent":0,"menu_order":0,"comment_status":"closed","ping_status":"closed","template":"","meta":{"_et_pb_use_builder":"on","_et_pb_old_content":"","_et_gb_content_width":"","footnotes":""},"class_list":["post-49","page","type-page","status-publish","hentry"],"yoast_head":"<!-- This site is optimized with the Yoast SEO plugin v19.6.1 - https:\/\/yoast.com\/wordpress\/plugins\/seo\/ -->\n<title>Notre accompagnement - ASPER RE&amp;FI<\/title>\n<meta name=\"robots\" content=\"index, follow, max-snippet:-1, max-image-preview:large, max-video-preview:-1\" \/>\n<link rel=\"canonical\" href=\"https:\/\/www.asper-re-fi.com\/index.php\/notre-accompagnement\/\" \/>\n<meta property=\"og:locale\" content=\"en_US\" \/>\n<meta property=\"og:type\" content=\"article\" \/>\n<meta property=\"og:title\" content=\"Notre accompagnement - ASPER RE&amp;FI\" \/>\n<meta property=\"og:description\" content=\"Notre accompagnement\u00a0En tant que partenaire de nos clients, notre accompagnement se d\u00e9cline de la mani\u00e8re suivante\u00a0: Aide manag\u00e9riale ponctuelle ou prolong\u00e9e Pilotage de vos projets d\u2019organisation ou de changement de syst\u00e8mes d\u2019information depuis la r\u00e9flexion strat\u00e9gique initiale jusqu\u2019\u00e0 la conduite du changement. Sur les aspects syst\u00e8mes d\u2019information, cela couvre les axes suivants\u00a0: Aide aux choix [&hellip;]\" \/>\n<meta property=\"og:url\" content=\"https:\/\/www.asper-re-fi.com\/index.php\/notre-accompagnement\/\" \/>\n<meta property=\"og:site_name\" content=\"ASPER RE&amp;FI\" \/>\n<meta property=\"article:modified_time\" content=\"2022-07-20T15:06:57+00:00\" \/>\n<meta name=\"twitter:card\" content=\"summary_large_image\" \/>\n<meta name=\"twitter:label1\" content=\"Est. reading time\" \/>\n\t<meta name=\"twitter:data1\" content=\"4 minutes\" \/>\n<script type=\"application\/ld+json\" class=\"yoast-schema-graph\">{\"@context\":\"https:\/\/schema.org\",\"@graph\":[{\"@type\":\"WebPage\",\"@id\":\"https:\/\/www.asper-re-fi.com\/index.php\/notre-accompagnement\/\",\"url\":\"https:\/\/www.asper-re-fi.com\/index.php\/notre-accompagnement\/\",\"name\":\"Notre accompagnement - ASPER RE&amp;FI\",\"isPartOf\":{\"@id\":\"https:\/\/www.asper-re-fi.com\/#website\"},\"datePublished\":\"2022-07-07T09:31:11+00:00\",\"dateModified\":\"2022-07-20T15:06:57+00:00\",\"breadcrumb\":{\"@id\":\"https:\/\/www.asper-re-fi.com\/index.php\/notre-accompagnement\/#breadcrumb\"},\"inLanguage\":\"en-US\",\"potentialAction\":[{\"@type\":\"ReadAction\",\"target\":[\"https:\/\/www.asper-re-fi.com\/index.php\/notre-accompagnement\/\"]}]},{\"@type\":\"BreadcrumbList\",\"@id\":\"https:\/\/www.asper-re-fi.com\/index.php\/notre-accompagnement\/#breadcrumb\",\"itemListElement\":[{\"@type\":\"ListItem\",\"position\":1,\"name\":\"Accueil\",\"item\":\"https:\/\/www.asper-re-fi.com\/\"},{\"@type\":\"ListItem\",\"position\":2,\"name\":\"Notre accompagnement\"}]},{\"@type\":\"WebSite\",\"@id\":\"https:\/\/www.asper-re-fi.com\/#website\",\"url\":\"https:\/\/www.asper-re-fi.com\/\",\"name\":\"ASPER RE&amp;FI\",\"description\":\"Une entreprise \u00e0 vos c\u00f4t\u00e9s\",\"potentialAction\":[{\"@type\":\"SearchAction\",\"target\":{\"@type\":\"EntryPoint\",\"urlTemplate\":\"https:\/\/www.asper-re-fi.com\/?s={search_term_string}\"},\"query-input\":\"required name=search_term_string\"}],\"inLanguage\":\"en-US\"}]}<\/script>\n<!-- \/ Yoast SEO plugin. -->","yoast_head_json":{"title":"Notre accompagnement - ASPER RE&amp;FI","robots":{"index":"index","follow":"follow","max-snippet":"max-snippet:-1","max-image-preview":"max-image-preview:large","max-video-preview":"max-video-preview:-1"},"canonical":"https:\/\/www.asper-re-fi.com\/index.php\/notre-accompagnement\/","og_locale":"en_US","og_type":"article","og_title":"Notre accompagnement - ASPER RE&amp;FI","og_description":"Notre accompagnement\u00a0En tant que partenaire de nos clients, notre accompagnement se d\u00e9cline de la mani\u00e8re suivante\u00a0: Aide manag\u00e9riale ponctuelle ou prolong\u00e9e Pilotage de vos projets d\u2019organisation ou de changement de syst\u00e8mes d\u2019information depuis la r\u00e9flexion strat\u00e9gique initiale jusqu\u2019\u00e0 la conduite du changement. Sur les aspects syst\u00e8mes d\u2019information, cela couvre les axes suivants\u00a0: Aide aux choix [&hellip;]","og_url":"https:\/\/www.asper-re-fi.com\/index.php\/notre-accompagnement\/","og_site_name":"ASPER RE&amp;FI","article_modified_time":"2022-07-20T15:06:57+00:00","twitter_card":"summary_large_image","twitter_misc":{"Est. reading time":"4 minutes"},"schema":{"@context":"https:\/\/schema.org","@graph":[{"@type":"WebPage","@id":"https:\/\/www.asper-re-fi.com\/index.php\/notre-accompagnement\/","url":"https:\/\/www.asper-re-fi.com\/index.php\/notre-accompagnement\/","name":"Notre accompagnement - ASPER RE&amp;FI","isPartOf":{"@id":"https:\/\/www.asper-re-fi.com\/#website"},"datePublished":"2022-07-07T09:31:11+00:00","dateModified":"2022-07-20T15:06:57+00:00","breadcrumb":{"@id":"https:\/\/www.asper-re-fi.com\/index.php\/notre-accompagnement\/#breadcrumb"},"inLanguage":"en-US","potentialAction":[{"@type":"ReadAction","target":["https:\/\/www.asper-re-fi.com\/index.php\/notre-accompagnement\/"]}]},{"@type":"BreadcrumbList","@id":"https:\/\/www.asper-re-fi.com\/index.php\/notre-accompagnement\/#breadcrumb","itemListElement":[{"@type":"ListItem","position":1,"name":"Accueil","item":"https:\/\/www.asper-re-fi.com\/"},{"@type":"ListItem","position":2,"name":"Notre accompagnement"}]},{"@type":"WebSite","@id":"https:\/\/www.asper-re-fi.com\/#website","url":"https:\/\/www.asper-re-fi.com\/","name":"ASPER RE&amp;FI","description":"Une entreprise \u00e0 vos c\u00f4t\u00e9s","potentialAction":[{"@type":"SearchAction","target":{"@type":"EntryPoint","urlTemplate":"https:\/\/www.asper-re-fi.com\/?s={search_term_string}"},"query-input":"required name=search_term_string"}],"inLanguage":"en-US"}]}},"_links":{"self":[{"href":"https:\/\/www.asper-re-fi.com\/index.php\/wp-json\/wp\/v2\/pages\/49","targetHints":{"allow":["GET"]}}],"collection":[{"href":"https:\/\/www.asper-re-fi.com\/index.php\/wp-json\/wp\/v2\/pages"}],"about":[{"href":"https:\/\/www.asper-re-fi.com\/index.php\/wp-json\/wp\/v2\/types\/page"}],"author":[{"embeddable":true,"href":"https:\/\/www.asper-re-fi.com\/index.php\/wp-json\/wp\/v2\/users\/1"}],"replies":[{"embeddable":true,"href":"https:\/\/www.asper-re-fi.com\/index.php\/wp-json\/wp\/v2\/comments?post=49"}],"version-history":[{"count":6,"href":"https:\/\/www.asper-re-fi.com\/index.php\/wp-json\/wp\/v2\/pages\/49\/revisions"}],"predecessor-version":[{"id":148,"href":"https:\/\/www.asper-re-fi.com\/index.php\/wp-json\/wp\/v2\/pages\/49\/revisions\/148"}],"wp:attachment":[{"href":"https:\/\/www.asper-re-fi.com\/index.php\/wp-json\/wp\/v2\/media?parent=49"}],"curies":[{"name":"wp","href":"https:\/\/api.w.org\/{rel}","templated":true}]}}